{"id":567,"date":"2024-02-01T14:13:55","date_gmt":"2024-02-01T14:13:55","guid":{"rendered":"https:\/\/borgopaoli.cambia-marketing.it\/?page_id=567"},"modified":"2024-03-13T17:17:18","modified_gmt":"2024-03-13T17:17:18","slug":"il-palazzo","status":"publish","type":"page","link":"https:\/\/lunaestellebb.it\/en\/il-palazzo\/","title":{"rendered":"Il palazzo"},"content":{"rendered":"<div data-elementor-type=\"wp-page\" data-elementor-id=\"567\" class=\"elementor elementor-567\" data-elementor-post-type=\"page\">\n\t\t\t\t<div class=\"elementor-element elementor-element-ea1748e e-con-full e-flex e-con e-parent\" data-id=\"ea1748e\" data-element_type=\"container\">\n\t\t<div class=\"elementor-element elementor-element-a1d50c1 e-con-full e-flex e-con e-child\" data-id=\"a1d50c1\" data-element_type=\"container\">\n\t\t\t\t<div class=\"elementor-element elementor-element-fb5eeda elementor-widget__width-auto elementor-widget elementor-widget-heading\" data-id=\"fb5eeda\" data-element_type=\"widget\" data-widget_type=\"heading.default\">\n\t\t\t\t<div class=\"elementor-widget-container\">\n\t\t\t\t\t<h2 class=\"elementor-heading-title elementor-size-default\">A historical palace<br> del VI secolo<\/h2>\t\t\t\t<\/div>\n\t\t\t\t<\/div>\n\t\t\t\t<\/div>\n\t\t\t\t<\/div>\n\t\t<div class=\"elementor-element elementor-element-0be03fa e-con-full e-flex e-con e-parent\" data-id=\"0be03fa\" data-element_type=\"container\">\n\t\t<div class=\"elementor-element elementor-element-bb7fb6e e-con-full e-flex e-con e-child\" data-id=\"bb7fb6e\" data-element_type=\"container\">\n\t\t\t\t<div class=\"elementor-element elementor-element-1462cf4 elementor-widget__width-auto elementor-widget elementor-widget-heading\" data-id=\"1462cf4\" data-element_type=\"widget\" data-widget_type=\"heading.default\">\n\t\t\t\t<div class=\"elementor-widget-container\">\n\t\t\t\t\t<h2 class=\"elementor-heading-title elementor-size-default\">The palace was an inn for pilgrims traveling along the Via Francigena<\/h2>\t\t\t\t<\/div>\n\t\t\t\t<\/div>\n\t\t\t\t<\/div>\n\t\t\t\t<\/div>\n\t\t<div class=\"elementor-element elementor-element-1c110de e-con-full e-flex e-con e-parent\" data-id=\"1c110de\" data-element_type=\"container\">\n\t\t<div class=\"elementor-element elementor-element-b2f4c35 e-con-full e-flex e-con e-child\" data-id=\"b2f4c35\" data-element_type=\"container\">\n\t\t<div class=\"elementor-element elementor-element-92739d2 e-con-full e-flex e-con e-child\" data-id=\"92739d2\" data-element_type=\"container\" data-settings=\"{&quot;background_background&quot;:&quot;classic&quot;}\">\n\t\t\t\t<\/div>\n\t\t<div class=\"elementor-element elementor-element-8149f07 e-con-full e-flex e-con e-child\" data-id=\"8149f07\" data-element_type=\"container\">\n\t\t<div class=\"elementor-element elementor-element-7642978 e-con-full e-flex e-con e-child\" data-id=\"7642978\" data-element_type=\"container\" data-settings=\"{&quot;background_background&quot;:&quot;classic&quot;}\">\n\t\t\t\t<\/div>\n\t\t\t\t<\/div>\n\t\t\t\t<\/div>\n\t\t<div class=\"elementor-element elementor-element-f2ccf3a e-con-full e-flex e-con e-child\" data-id=\"f2ccf3a\" data-element_type=\"container\" data-settings=\"{&quot;background_background&quot;:&quot;classic&quot;}\">\n\t\t<div class=\"elementor-element elementor-element-18b618f e-con-full e-flex e-con e-child\" data-id=\"18b618f\" data-element_type=\"container\" data-settings=\"{&quot;background_background&quot;:&quot;classic&quot;}\">\n\t\t\t\t<\/div>\n\t\t\t\t<div class=\"elementor-element elementor-element-0dd14e9 elementor-widget__width-initial elementor-widget elementor-widget-text-editor\" data-id=\"0dd14e9\" data-element_type=\"widget\" data-widget_type=\"text-editor.default\">\n\t\t\t\t<div class=\"elementor-widget-container\">\n\t\t\t\t\t\t\t\t\t<p>In the modern era it has been expertly renovated, preserving everything that was possible and used as a B&amp;B, to accommodate those who, visiting Lunigiana, wish to completely immerse themselves in its ancient atmosphere, without giving up comfort.<\/p>\t\t\t\t\t\t\t\t<\/div>\n\t\t\t\t<\/div>\n\t\t<div class=\"elementor-element elementor-element-8f6410a e-con-full elementor-hidden-mobile e-flex e-con e-child\" data-id=\"8f6410a\" data-element_type=\"container\" data-settings=\"{&quot;background_background&quot;:&quot;classic&quot;}\">\n\t\t\t\t<\/div>\n\t\t\t\t<\/div>\n\t\t\t\t<\/div>\n\t\t<div class=\"elementor-element elementor-element-ac57a63 e-con-full e-flex e-con e-parent\" data-id=\"ac57a63\" data-element_type=\"container\" data-settings=\"{&quot;background_background&quot;:&quot;classic&quot;}\">\n\t\t<div class=\"elementor-element elementor-element-84293f1 e-con-full e-flex e-con e-child\" data-id=\"84293f1\" data-element_type=\"container\" data-settings=\"{&quot;background_background&quot;:&quot;classic&quot;}\">\n\t\t<div class=\"elementor-element elementor-element-292dd20 e-con-full e-flex e-con e-child\" data-id=\"292dd20\" data-element_type=\"container\">\n\t\t<div class=\"elementor-element elementor-element-1f5ed56 e-con-full e-flex e-con e-child\" data-id=\"1f5ed56\" data-element_type=\"container\">\n\t\t\t\t<div class=\"elementor-element elementor-element-a114e12 elementor-align-center elementor-widget elementor-widget-button\" data-id=\"a114e12\" data-element_type=\"widget\" data-widget_type=\"button.default\">\n\t\t\t\t<div class=\"elementor-widget-container\">\n\t\t\t\t\t\t\t\t\t<div class=\"elementor-button-wrapper\">\n\t\t\t\t\t<a class=\"elementor-button elementor-button-link elementor-size-sm\" href=\"\/en\/contatti\/#form\">\n\t\t\t\t\t\t<span class=\"elementor-button-content-wrapper\">\n\t\t\t\t\t\t\t\t\t<span class=\"elementor-button-text\">Request a quote<\/span>\n\t\t\t\t\t<\/span>\n\t\t\t\t\t<\/a>\n\t\t\t\t<\/div>\n\t\t\t\t\t\t\t\t<\/div>\n\t\t\t\t<\/div>\n\t\t\t\t<\/div>\n\t\t<div class=\"elementor-element elementor-element-2b59752 e-con-full e-flex e-con e-child\" data-id=\"2b59752\" data-element_type=\"container\">\n\t\t\t\t<div class=\"elementor-element elementor-element-dbb116a elementor-widget elementor-widget-heading\" data-id=\"dbb116a\" data-element_type=\"widget\" data-widget_type=\"heading.default\">\n\t\t\t\t<div class=\"elementor-widget-container\">\n\t\t\t\t\t<h2 class=\"elementor-heading-title elementor-size-default\">Compared to the price <br>of the major online portals<\/h2>\t\t\t\t<\/div>\n\t\t\t\t<\/div>\n\t\t\t\t<\/div>\n\t\t<div class=\"elementor-element elementor-element-eb8b523 e-con-full e-flex e-con e-child\" data-id=\"eb8b523\" data-element_type=\"container\">\n\t\t\t\t<div class=\"elementor-element elementor-element-2f36d43 elementor-widget__width-auto elementor-widget elementor-widget-heading\" data-id=\"2f36d43\" data-element_type=\"widget\" data-widget_type=\"heading.default\">\n\t\t\t\t<div class=\"elementor-widget-container\">\n\t\t\t\t\t<h2 class=\"elementor-heading-title elementor-size-default\">-10% DISCOUNT<\/h2>\t\t\t\t<\/div>\n\t\t\t\t<\/div>\n\t\t\t\t<\/div>\n\t\t<div class=\"elementor-element elementor-element-ad2668d e-con-full e-flex e-con e-child\" data-id=\"ad2668d\" data-element_type=\"container\">\n\t\t\t\t<div class=\"elementor-element elementor-element-2a1f475 elementor-widget__width-auto elementor-widget elementor-widget-heading\" data-id=\"2a1f475\" data-element_type=\"widget\" data-widget_type=\"heading.default\">\n\t\t\t\t<div class=\"elementor-widget-container\">\n\t\t\t\t\t<h2 class=\"elementor-heading-title elementor-size-default\">Book from the official website<\/h2>\t\t\t\t<\/div>\n\t\t\t\t<\/div>\n\t\t\t\t<\/div>\n\t\t\t\t<\/div>\n\t\t\t\t<\/div>\n\t\t\t\t<\/div>\n\t\t\t\t<\/div>","protected":false},"excerpt":{"rendered":"<p>Un palazzo storico del VI secolo Il palazzo era una locanda per pellegrini che percorrevano la Via Francigena In epoca moderna \u00e8 stato sapientemente ristrutturato, conservando tutto ci\u00f2 che \u00e8 stato possibile ed adibito a B&amp;B, per ospitare coloro che, visitando la Lunigiana\u00a0 desiderano immergersi completamente nella sua atmosfera antica, senza rinunciare al confort. Richiedi [&hellip;]<\/p>","protected":false},"author":1,"featured_media":0,"parent":0,"menu_order":0,"comment_status":"closed","ping_status":"closed","template":"elementor_header_footer","meta":{"footnotes":""},"class_list":["post-567","page","type-page","status-publish","hentry"],"_links":{"self":[{"href":"https:\/\/lunaestellebb.it\/en\/wp-json\/wp\/v2\/pages\/567","targetHints":{"allow":["GET"]}}],"collection":[{"href":"https:\/\/lunaestellebb.it\/en\/wp-json\/wp\/v2\/pages"}],"about":[{"href":"https:\/\/lunaestellebb.it\/en\/wp-json\/wp\/v2\/types\/page"}],"author":[{"embeddable":true,"href":"https:\/\/lunaestellebb.it\/en\/wp-json\/wp\/v2\/users\/1"}],"replies":[{"embeddable":true,"href":"https:\/\/lunaestellebb.it\/en\/wp-json\/wp\/v2\/comments?post=567"}],"version-history":[{"count":52,"href":"https:\/\/lunaestellebb.it\/en\/wp-json\/wp\/v2\/pages\/567\/revisions"}],"predecessor-version":[{"id":1055,"href":"https:\/\/lunaestellebb.it\/en\/wp-json\/wp\/v2\/pages\/567\/revisions\/1055"}],"wp:attachment":[{"href":"https:\/\/lunaestellebb.it\/en\/wp-json\/wp\/v2\/media?parent=567"}],"curies":[{"name":"wp","href":"https:\/\/api.w.org\/{rel}","templated":true}]}}